{"id":990,"date":"2020-02-06T12:40:02","date_gmt":"2020-02-06T11:40:02","guid":{"rendered":"https:\/\/earthbeatfoundation.org\/donate\/"},"modified":"2023-10-12T17:21:41","modified_gmt":"2023-10-12T15:21:41","slug":"donate","status":"publish","type":"page","link":"https:\/\/earthbeatfoundation.org\/en\/donate\/","title":{"rendered":"Donate"},"content":{"rendered":"<section class=\"l-section wpb_row height_medium\"><div class=\"l-section-h i-cf\"><div class=\"g-cols vc_row via_flex valign_top type_default stacking_default\"><div class=\"vc_col-sm-12 wpb_column vc_column_container\"><div class=\"vc_column-inner\"><div class=\"wpb_wrapper\"><div class=\"wpb_text_column\"><div class=\"wpb_wrapper\"><section class=\"l-section wpb_row height_medium\">\n<div class=\"l-section-h i-cf\">\n<div class=\"g-cols vc_row type_default valign_top\">\n<div class=\"vc_col-sm-12 wpb_column vc_column_container\">\n<div class=\"vc_column-inner\">\n<div class=\"wpb_wrapper\">\n<div class=\"wpb_text_column \">\n<div class=\"wpb_wrapper\">\n<h1 style=\"text-align: center;\">Your donation<\/h1>\n<p style=\"text-align: center;\">You are the reason why we can work for a change in the gold industry!<br \/>\nWith your donation we create safe and sustainable alternatives of income in gold mining communities..<br \/>\nWe would like to thank you for your trust and support, for this we want to be as transparent as possible for you.<br \/>\nThe focus of our work lies on the Heartbeat Uganda projects. We were able to reduce our overhead costs to 3.8% of the annual project budget, so that your donation can be used directly for the projects.<br \/>\nThank you very much for your contribution!<\/p>\n<h3 style=\"text-align: center;\">Donate by bank transfer<\/h3>\n<p style=\"text-align: center;\">Earthbeat Solutions Foundation<br \/>\nCredit Suisse Zurich<br \/>\nIBAN: CH39 0483 5237 5983 6100 0<br \/>\nCredit Suisse Zurich<br \/>\nSWIFT: CRESCHZZXXX<\/p>\n<\/div>\n<\/div>\n<\/div>\n<\/div>\n<\/div>\n<\/div>\n<\/div>\n<\/section>\n<\/div><\/div><div class=\"g-cols wpb_row via_flex valign_top type_default stacking_default\"><div class=\"vc_col-sm-3 wpb_column vc_column_container\"><div class=\"vc_column-inner\"><div class=\"wpb_wrapper\"><\/div><\/div><\/div><div class=\"vc_col-sm-6 wpb_column vc_column_container\"><div class=\"vc_column-inner\"><div class=\"wpb_wrapper\"><div class=\"wpb_text_column\"><div class=\"wpb_wrapper\"><h3 style=\"text-align: center;\">donate via Paypal<\/h3>\n<\/div><\/div><div class=\"w-separator size_small\"><\/div><div class=\"wpb_text_column\" id=\"jg-paypal-form\"><div class=\"wpb_wrapper\"><style>\r\n        .wpedon-container .wpedon-select,\r\n        .wpedon-container .wpedon-input {\r\n            width: 540px;\r\n            min-width: 540px;\r\n            max-width: 540px;\r\n        }\r\n    <\/style><div class='wpedon-container wpedon-align-left'><form target='_blank' action='https:\/\/www.paypal.com\/cgi-bin\/webscr' method='post' class='wpedon-form'><input type='hidden' name='cmd' value='_donations' \/><input type='hidden' name='business' value='connect@earthbeatfoundation.org' \/><input type='hidden' name='currency_code' value='EUR' \/><input type='hidden' name='notify_url' value='https:\/\/earthbeatfoundation.org\/wp-admin\/admin-post.php?action=add_wpedon_button_ipn'><input type='hidden' name='lc' value='de_DE'><input type='hidden' name='bn' value='WPPlugin_SP'><input type='hidden' name='return' value='' \/><input type='hidden' name='cancel_return' value='' \/><input class='wpedon_paypalbuttonimage' type='image' src='https:\/\/earthbeatfoundation.org\/wp-content\/uploads\/2020\/02\/EBF_Button_PayPal_540.png' border='0' name='submit' alt='Make your payments with PayPal. It is free, secure, effective.' style='border: none;'><img alt='' border='0' style='border:none;display:none;' src='https:\/\/www.paypal.com\/de_DE\/i\/scr\/pixel.gif' width='1' height='1'><input type='hidden' name='amount' id='amount_5810c6556aa25d3da4f0a07341493797' value='' \/><input type='hidden' name='price' id='price_5810c6556aa25d3da4f0a07341493797' value='' \/><input type='hidden' name='item_number' value='' \/><input type='hidden' name='item_name' value='Spenden' \/><input type='hidden' name='name' value='Spenden' \/><input type='hidden' name='custom' value='251'><input type='hidden' name='no_shipping' value='1'><input type='hidden' name='no_note' value='1'><input type='hidden' name='currency_code' value='EUR'><\/form><\/div>\n<\/div><\/div><div class=\"w-separator size_small\"><\/div><div class=\"wpb_text_column\"><div class=\"wpb_wrapper\"><p style=\"text-align: center;\">You can also contact us directly via e-mail: <a href=\"mailto:connect@earthbeatfoundation.org\">connect@earthbeatfoundation.org<\/a><br \/>\nWe will gladly send you a donation receipt if required..<\/p>\n<\/div><\/div><\/div><\/div><\/div><div class=\"vc_col-sm-3 wpb_column vc_column_container\"><div class=\"vc_column-inner\"><div class=\"wpb_wrapper\"><\/div><\/div><\/div><\/div><\/div><\/div><\/div><\/div><\/div><\/section><section class=\"l-section wpb_row height_auto\"><div class=\"l-section-h i-cf\"><div class=\"g-cols vc_row via_flex valign_top type_default stacking_default\"><div class=\"vc_col-sm-3 wpb_column vc_column_container\"><div class=\"vc_column-inner\"><div class=\"wpb_wrapper\"><\/div><\/div><\/div><div class=\"vc_col-sm-6 wpb_column vc_column_container\"><div class=\"vc_column-inner\"><div class=\"wpb_wrapper\"><\/div><\/div><\/div><div class=\"vc_col-sm-3 wpb_column vc_column_container\"><div class=\"vc_column-inner\"><div class=\"wpb_wrapper\"><\/div><\/div><\/div><\/div><\/div><\/section>\n","protected":false},"excerpt":{"rendered":"Your donation You are the reason why we can work for a change in the gold industry! With your donation we create safe and sustainable alternatives of income in gold mining communities.. We would like to thank you for your trust and support, for this we want to be as transparent as possible for you....","protected":false},"author":1,"featured_media":0,"parent":0,"menu_order":0,"comment_status":"closed","ping_status":"closed","template":"","meta":{"_crdt_document":"","footnotes":""},"class_list":["post-990","page","type-page","status-publish","hentry"],"yoast_head":"<!-- This site is optimized with the Yoast SEO plugin v27.2 - https:\/\/yoast.com\/product\/yoast-seo-wordpress\/ -->\n<title>Donate - Earthbeat Foundation<\/title>\n<meta name=\"description\" content=\"Sie sind der Grund daf\u00fcr, dass wir uns f\u00fcr einen Wandel in der Goldindustrie einsetzen k\u00f6nnen! Mit Ihrer Spende\" \/>\n<meta name=\"robots\" content=\"index, follow, max-snippet:-1, max-image-preview:large, max-video-preview:-1\" \/>\n<link rel=\"canonical\" href=\"https:\/\/earthbeatfoundation.org\/en\/home-2\/donate\/\" \/>\n<meta property=\"og:locale\" content=\"en_US\" \/>\n<meta property=\"og:type\" content=\"article\" \/>\n<meta property=\"og:title\" content=\"Donate - Earthbeat Foundation\" \/>\n<meta property=\"og:description\" content=\"Sie sind der Grund daf\u00fcr, dass wir uns f\u00fcr einen Wandel in der Goldindustrie einsetzen k\u00f6nnen! Mit Ihrer Spende\" \/>\n<meta property=\"og:url\" content=\"https:\/\/earthbeatfoundation.org\/en\/home-2\/donate\/\" \/>\n<meta property=\"og:site_name\" content=\"Earthbeat Foundation\" \/>\n<meta property=\"article:modified_time\" content=\"2023-10-12T15:21:41+00:00\" \/>\n<meta property=\"og:image\" content=\"https:\/\/earthbeatfoundation.org\/wp-content\/uploads\/2022\/09\/EBF_Logo_sw_Open_Graph_1200_630.jpg\" \/>\n\t<meta property=\"og:image:width\" content=\"1200\" \/>\n\t<meta property=\"og:image:height\" content=\"630\" \/>\n\t<meta property=\"og:image:type\" content=\"image\/jpeg\" \/>\n<meta name=\"twitter:card\" content=\"summary_large_image\" \/>\n<meta name=\"twitter:label1\" content=\"Est. reading time\" \/>\n\t<meta name=\"twitter:data1\" content=\"1 minute\" \/>\n<script type=\"application\/ld+json\" class=\"yoast-schema-graph\">{\"@context\":\"https:\/\/schema.org\",\"@graph\":[{\"@type\":\"WebPage\",\"@id\":\"https:\/\/earthbeatfoundation.org\/en\/home-2\/donate\/\",\"url\":\"https:\/\/earthbeatfoundation.org\/en\/home-2\/donate\/\",\"name\":\"Donate - Earthbeat Foundation\",\"isPartOf\":{\"@id\":\"https:\/\/earthbeatfoundation.org\/#website\"},\"datePublished\":\"2020-02-06T11:40:02+00:00\",\"dateModified\":\"2023-10-12T15:21:41+00:00\",\"description\":\"Sie sind der Grund daf\u00fcr, dass wir uns f\u00fcr einen Wandel in der Goldindustrie einsetzen k\u00f6nnen! Mit Ihrer Spende\",\"breadcrumb\":{\"@id\":\"https:\/\/earthbeatfoundation.org\/en\/home-2\/donate\/#breadcrumb\"},\"inLanguage\":\"en-US\",\"potentialAction\":[{\"@type\":\"ReadAction\",\"target\":[\"https:\/\/earthbeatfoundation.org\/en\/home-2\/donate\/\"]}]},{\"@type\":\"BreadcrumbList\",\"@id\":\"https:\/\/earthbeatfoundation.org\/en\/home-2\/donate\/#breadcrumb\",\"itemListElement\":[{\"@type\":\"ListItem\",\"position\":1,\"name\":\"Startseite\",\"item\":\"https:\/\/earthbeatfoundation.org\/en\/\"},{\"@type\":\"ListItem\",\"position\":2,\"name\":\"Earthbeat Solutions Foundation\",\"item\":\"https:\/\/earthbeatfoundation.org\/en\/\"},{\"@type\":\"ListItem\",\"position\":3,\"name\":\"Donate\"}]},{\"@type\":\"WebSite\",\"@id\":\"https:\/\/earthbeatfoundation.org\/#website\",\"url\":\"https:\/\/earthbeatfoundation.org\/\",\"name\":\"Earthbeat Foundation\",\"description\":\"F\u00fcr eine goldene Zukunft\",\"publisher\":{\"@id\":\"https:\/\/earthbeatfoundation.org\/#organization\"},\"potentialAction\":[{\"@type\":\"SearchAction\",\"target\":{\"@type\":\"EntryPoint\",\"urlTemplate\":\"https:\/\/earthbeatfoundation.org\/?s={search_term_string}\"},\"query-input\":{\"@type\":\"PropertyValueSpecification\",\"valueRequired\":true,\"valueName\":\"search_term_string\"}}],\"inLanguage\":\"en-US\"},{\"@type\":\"Organization\",\"@id\":\"https:\/\/earthbeatfoundation.org\/#organization\",\"name\":\"Earthbeat Foundation\",\"url\":\"https:\/\/earthbeatfoundation.org\/\",\"logo\":{\"@type\":\"ImageObject\",\"inLanguage\":\"en-US\",\"@id\":\"https:\/\/earthbeatfoundation.org\/#\/schema\/logo\/image\/\",\"url\":\"https:\/\/earthbeatfoundation.org\/wp-content\/uploads\/2022\/09\/EBF_Logo_sw_Open_Graph_1200_630.jpg\",\"contentUrl\":\"https:\/\/earthbeatfoundation.org\/wp-content\/uploads\/2022\/09\/EBF_Logo_sw_Open_Graph_1200_630.jpg\",\"width\":1200,\"height\":630,\"caption\":\"Earthbeat Foundation\"},\"image\":{\"@id\":\"https:\/\/earthbeatfoundation.org\/#\/schema\/logo\/image\/\"},\"sameAs\":[\"https:\/\/www.instagram.com\/earthbeatfoundation\/?hl=de\"]}]}<\/script>\n<!-- \/ Yoast SEO plugin. -->","yoast_head_json":{"title":"Donate - Earthbeat Foundation","description":"Sie sind der Grund daf\u00fcr, dass wir uns f\u00fcr einen Wandel in der Goldindustrie einsetzen k\u00f6nnen! Mit Ihrer Spende","robots":{"index":"index","follow":"follow","max-snippet":"max-snippet:-1","max-image-preview":"max-image-preview:large","max-video-preview":"max-video-preview:-1"},"canonical":"https:\/\/earthbeatfoundation.org\/en\/home-2\/donate\/","og_locale":"en_US","og_type":"article","og_title":"Donate - Earthbeat Foundation","og_description":"Sie sind der Grund daf\u00fcr, dass wir uns f\u00fcr einen Wandel in der Goldindustrie einsetzen k\u00f6nnen! Mit Ihrer Spende","og_url":"https:\/\/earthbeatfoundation.org\/en\/home-2\/donate\/","og_site_name":"Earthbeat Foundation","article_modified_time":"2023-10-12T15:21:41+00:00","og_image":[{"width":1200,"height":630,"url":"https:\/\/earthbeatfoundation.org\/wp-content\/uploads\/2022\/09\/EBF_Logo_sw_Open_Graph_1200_630.jpg","type":"image\/jpeg"}],"twitter_card":"summary_large_image","twitter_misc":{"Est. reading time":"1 minute"},"schema":{"@context":"https:\/\/schema.org","@graph":[{"@type":"WebPage","@id":"https:\/\/earthbeatfoundation.org\/en\/home-2\/donate\/","url":"https:\/\/earthbeatfoundation.org\/en\/home-2\/donate\/","name":"Donate - Earthbeat Foundation","isPartOf":{"@id":"https:\/\/earthbeatfoundation.org\/#website"},"datePublished":"2020-02-06T11:40:02+00:00","dateModified":"2023-10-12T15:21:41+00:00","description":"Sie sind der Grund daf\u00fcr, dass wir uns f\u00fcr einen Wandel in der Goldindustrie einsetzen k\u00f6nnen! Mit Ihrer Spende","breadcrumb":{"@id":"https:\/\/earthbeatfoundation.org\/en\/home-2\/donate\/#breadcrumb"},"inLanguage":"en-US","potentialAction":[{"@type":"ReadAction","target":["https:\/\/earthbeatfoundation.org\/en\/home-2\/donate\/"]}]},{"@type":"BreadcrumbList","@id":"https:\/\/earthbeatfoundation.org\/en\/home-2\/donate\/#breadcrumb","itemListElement":[{"@type":"ListItem","position":1,"name":"Startseite","item":"https:\/\/earthbeatfoundation.org\/en\/"},{"@type":"ListItem","position":2,"name":"Earthbeat Solutions Foundation","item":"https:\/\/earthbeatfoundation.org\/en\/"},{"@type":"ListItem","position":3,"name":"Donate"}]},{"@type":"WebSite","@id":"https:\/\/earthbeatfoundation.org\/#website","url":"https:\/\/earthbeatfoundation.org\/","name":"Earthbeat Foundation","description":"F\u00fcr eine goldene Zukunft","publisher":{"@id":"https:\/\/earthbeatfoundation.org\/#organization"},"potentialAction":[{"@type":"SearchAction","target":{"@type":"EntryPoint","urlTemplate":"https:\/\/earthbeatfoundation.org\/?s={search_term_string}"},"query-input":{"@type":"PropertyValueSpecification","valueRequired":true,"valueName":"search_term_string"}}],"inLanguage":"en-US"},{"@type":"Organization","@id":"https:\/\/earthbeatfoundation.org\/#organization","name":"Earthbeat Foundation","url":"https:\/\/earthbeatfoundation.org\/","logo":{"@type":"ImageObject","inLanguage":"en-US","@id":"https:\/\/earthbeatfoundation.org\/#\/schema\/logo\/image\/","url":"https:\/\/earthbeatfoundation.org\/wp-content\/uploads\/2022\/09\/EBF_Logo_sw_Open_Graph_1200_630.jpg","contentUrl":"https:\/\/earthbeatfoundation.org\/wp-content\/uploads\/2022\/09\/EBF_Logo_sw_Open_Graph_1200_630.jpg","width":1200,"height":630,"caption":"Earthbeat Foundation"},"image":{"@id":"https:\/\/earthbeatfoundation.org\/#\/schema\/logo\/image\/"},"sameAs":["https:\/\/www.instagram.com\/earthbeatfoundation\/?hl=de"]}]}},"_links":{"self":[{"href":"https:\/\/earthbeatfoundation.org\/en\/wp-json\/wp\/v2\/pages\/990","targetHints":{"allow":["GET"]}}],"collection":[{"href":"https:\/\/earthbeatfoundation.org\/en\/wp-json\/wp\/v2\/pages"}],"about":[{"href":"https:\/\/earthbeatfoundation.org\/en\/wp-json\/wp\/v2\/types\/page"}],"author":[{"embeddable":true,"href":"https:\/\/earthbeatfoundation.org\/en\/wp-json\/wp\/v2\/users\/1"}],"replies":[{"embeddable":true,"href":"https:\/\/earthbeatfoundation.org\/en\/wp-json\/wp\/v2\/comments?post=990"}],"version-history":[{"count":13,"href":"https:\/\/earthbeatfoundation.org\/en\/wp-json\/wp\/v2\/pages\/990\/revisions"}],"predecessor-version":[{"id":1711,"href":"https:\/\/earthbeatfoundation.org\/en\/wp-json\/wp\/v2\/pages\/990\/revisions\/1711"}],"wp:attachment":[{"href":"https:\/\/earthbeatfoundation.org\/en\/wp-json\/wp\/v2\/media?parent=990"}],"curies":[{"name":"wp","href":"https:\/\/api.w.org\/{rel}","templated":true}]}}