{"id":1004,"date":"2020-02-06T16:40:56","date_gmt":"2020-02-06T15:40:56","guid":{"rendered":"https:\/\/earthbeatfoundation.org\/our-projects\/"},"modified":"2022-09-12T11:52:05","modified_gmt":"2022-09-12T09:52:05","slug":"our-projects","status":"publish","type":"page","link":"https:\/\/earthbeatfoundation.org\/en\/our-projects\/","title":{"rendered":"Our Projects"},"content":{"rendered":"<section class=\"l-section wpb_row height_auto\"><div class=\"l-section-h i-cf\"><div class=\"g-cols vc_row via_flex valign_top type_default stacking_default\"><div class=\"vc_col-sm-12 wpb_column vc_column_container\"><div class=\"vc_column-inner\"><div class=\"wpb_wrapper\"><div class=\"w-video align_none ratio_16x9 has_iframe\"><div class=\"w-video-h\"><iframe title=\"Vimeo video player\" src=\"https:\/\/player.vimeo.com\/video\/91624972?autoplay=0&loop=0&autopause=0&color=00adef&portrait=0&byline=0&title=0&controls=1&muted=0\" frameborder=\"0\" allow=\"autoplay; fullscreen\" allowfullscreen loading=\"lazy\"><\/iframe><\/div><\/div><\/div><\/div><\/div><\/div><\/div><\/section><section class=\"l-section wpb_row height_medium\"><div class=\"l-section-h i-cf\"><div class=\"g-cols vc_row via_flex valign_top type_default stacking_default\"><div class=\"vc_col-sm-3 wpb_column vc_column_container\"><div class=\"vc_column-inner\"><div class=\"wpb_wrapper\"><\/div><\/div><\/div><div class=\"vc_col-sm-6 wpb_column vc_column_container\"><div class=\"vc_column-inner\"><div class=\"wpb_wrapper\"><div class=\"wpb_text_column\"><div class=\"wpb_wrapper\"><h1 style=\"text-align: center;\">HEARTBEAT UGANDA<\/h1>\n<p style=\"text-align: center;\">Der Busia Distrikt in Uganda ist seit 1930 ein wichtiges Zentrum f\u00fcr den Goldabbau und die Goldproduktion. Der Goldabbau ist ma\u00dfgeblich vom Kleinbergbau gepr\u00e4gt und die ArbeiterInnen sch\u00fcrfen das Gold manuell. Rohgold ist, wie andere Mineralien auch, eine limitierte Ressource und die Best\u00e4nde schwinden durch den Abbau kontinuierlich.<span class=\"Apple-converted-space\">\u00a0 <\/span>Die Bergleute leben von der Hand in den Mund und k\u00f6nnen nicht f\u00fcr ihre Existenz im Alter vorsorgen. Seit 2013 arbeiten wir eng mit den Communities vor Ort zusammen. Dabei haben wir lernen k\u00f6nnen, dass die Mehrzahl der GoldminenarbeiterInnen im Kleinbergbau arbeitet, um sich den Wechsel in eine alternative Erwerbst\u00e4tigkeit zu erm\u00f6glichen. Da der Kleinbergbau einen hohen Kapitaleinsatz erfordert, und wenig Ertrag bietet bleibt ein Wechsel jedoch herausfordernd.<span class=\"Apple-converted-space\">\u00a0<\/span><\/p>\n<\/div><\/div><\/div><\/div><\/div><div class=\"vc_col-sm-3 wpb_column vc_column_container\"><div class=\"vc_column-inner\"><div class=\"wpb_wrapper\"><\/div><\/div><\/div><\/div><\/div><\/section><section class=\"l-section wpb_row height_medium\"><div class=\"l-section-h i-cf\"><div class=\"g-cols vc_row via_flex valign_top type_default stacking_default\"><div class=\"vc_col-sm-6 wpb_column vc_column_container\"><div class=\"vc_column-inner\"><div class=\"wpb_wrapper\"><div class=\"w-video align_none ratio_16x9 has_iframe\"><div class=\"w-video-h\"><iframe title=\"Youtube video player\" src=\"\/\/www.youtube.com\/embed\/WxNvwXch9ys?autoplay=0&controls=1&origin=https:\/\/earthbeatfoundation.org\/en\/&loop=0&mute=0\" allowfullscreen=\"1\" loading=\"lazy\"><\/iframe><\/div><\/div><\/div><\/div><\/div><div class=\"vc_col-sm-6 wpb_column vc_column_container\"><div class=\"vc_column-inner\"><div class=\"wpb_wrapper\"><div class=\"wpb_text_column\"><div class=\"wpb_wrapper\"><h1 style=\"text-align: center;\">HEARTBEAT HONEY<\/h1>\n<p style=\"text-align: center;\">Fl\u00fcssiges Gold &#8211; mit dieser Idee im Kopf ist der Community ein erster Schritt in die Richtung einer neuen Einkommensquelle gelungen.<\/p>\n<p style=\"text-align: center;\">2017 startete die Initiative aus der Imkerei ein Gesch\u00e4ftsmodell zu machen.<\/p>\n<p style=\"text-align: center;\">Gemeinsam mit der Community und unserem Partner vor Ort \u201eThe Hive\u201c entsteht eine Bienenzucht und Honigproduktion, die langfristig das Goldsch\u00fcrfen ersetzen kann.<\/p>\n<p style=\"text-align: center;\">Die Bienenzucht ist eine der \u00e4ltesten Lebensgrundlagen in der Geschichte der Menschheit. Es ist bekannt, dass Bienen durch Best\u00e4ubung einen immensen Beitrag zur Pflanzenproduktion leisten und so das \u00d6kosystem erheblich verbessern. Mit diesem Wissen schl\u00e4gt unser Projektpartner \u201eThe Hive\u201c vor, einen Honey Hub einzurichten, um in die Bienenzucht zu investieren. Die Bienenzucht und die Gewinnung von Honig erm\u00f6glichen finanzielle Ertr\u00e4ge und leisten gleichzeitig einen erheblichen Beitrag zum Umweltschutz.<\/p>\n<\/div><\/div><\/div><\/div><\/div><\/div><\/div><\/section><section class=\"l-section wpb_row height_medium\"><div class=\"l-section-h i-cf\"><div class=\"g-cols vc_row via_flex valign_top type_default stacking_default\"><div class=\"vc_col-sm-6 wpb_column vc_column_container\"><div class=\"vc_column-inner\"><div class=\"wpb_wrapper\"><div class=\"w-image align_none\"><div class=\"w-image-h\"><img decoding=\"async\" width=\"800\" height=\"600\" src=\"https:\/\/earthbeatfoundation.org\/wp-content\/uploads\/2019\/11\/12.jpg\" class=\"attachment-large size-large\" alt=\"\" loading=\"lazy\" srcset=\"https:\/\/earthbeatfoundation.org\/wp-content\/uploads\/2019\/11\/12.jpg 800w, https:\/\/earthbeatfoundation.org\/wp-content\/uploads\/2019\/11\/12-300x225.jpg 300w\" sizes=\"auto, (max-width: 800px) 100vw, 800px\" \/><\/div><\/div><\/div><\/div><\/div><div class=\"vc_col-sm-6 wpb_column vc_column_container\"><div class=\"vc_column-inner\"><div class=\"wpb_wrapper\"><div class=\"w-image align_none\"><div class=\"w-image-h\"><img decoding=\"async\" width=\"800\" height=\"600\" src=\"https:\/\/earthbeatfoundation.org\/wp-content\/uploads\/2019\/11\/Unknown-1.jpg\" class=\"attachment-large size-large\" alt=\"\" loading=\"lazy\" srcset=\"https:\/\/earthbeatfoundation.org\/wp-content\/uploads\/2019\/11\/Unknown-1.jpg 800w, https:\/\/earthbeatfoundation.org\/wp-content\/uploads\/2019\/11\/Unknown-1-300x225.jpg 300w\" sizes=\"auto, (max-width: 800px) 100vw, 800px\" \/><\/div><\/div><\/div><\/div><\/div><div class=\"vc_col-sm-12 wpb_column vc_column_container\"><div class=\"vc_column-inner\"><div class=\"wpb_wrapper\"><div class=\"w-separator size_medium\"><\/div><div class=\"g-cols wpb_row via_flex valign_top type_default stacking_default\"><div class=\"vc_col-sm-3 wpb_column vc_column_container\"><div class=\"vc_column-inner\"><div class=\"wpb_wrapper\"><\/div><\/div><\/div><div class=\"vc_col-sm-6 wpb_column vc_column_container\"><div class=\"vc_column-inner\"><div class=\"wpb_wrapper\"><div class=\"wpb_text_column\"><div class=\"wpb_wrapper\"><h1 style=\"text-align: center;\">HEARTBEAT Garden<\/h1>\n<p style=\"text-align: center;\">Eine grosse Herausforderung stellt die Umnutzen der strapazierten B\u00f6den dar.<span class=\"Apple-converted-space\">\u00a0<\/span><\/p>\n<p style=\"text-align: center;\">Ein grosses Ziel ist es daher Minen zu schlissen und eine Umnutzung zu gestalten. Hier haben sich Permakultur und biodynamische Landwirtschaft als einer der effektivsten Mittel erwiesen um B\u00f6den nicht nur wieder aufzuforsten sondern auch hier\u00fcber eine weitere M\u00f6glichkeit zu schaffen Einkommensm\u00f6glichkeiten zu schaffen.<\/p>\n<p style=\"text-align: center;\">Die Permakultur ist eine bew\u00e4hrte \u00f6kologische Designwissenschaft, die einen Lebensstil beschreibt, der von der Natur inspiriert ist. Ihr Ziel ist es, wirtschaftliche M\u00f6glichkeiten auf inspirierende und umweltbewusste Weise zu f\u00f6rdern, zu beherbergen und zu schaffen. Es ist eine Philosophie und Entwicklungsstrategie, die Klima, Pflanzen, Tiere, Geb\u00e4udedesign, Boden-, Wasser- und Energiemanagement zu zusammenh\u00e4ngenden nachhaltigen Sozialsystemen zusammenwirkt. Permakultur wendet Techniken und Prinzipien aus \u00d6kologie, kooperativer \u00d6konomie, geeigneter Technologie, nachhaltiger Landwirtschaft und der Weisheit der Ureinwohner an, um ein nachhaltiges menschliches Umfeld zu Hause, bei der Arbeit, beim Spielen und in unseren Gemeinden zu schaffen. Als solches geht das Versprechen der Permakultur weit \u00fcber die Lebensmittelproduktion hinaus, um neue Potenziale und Horizonte f\u00fcr ein nachhaltiges Leben auf der Erde auszuloten.<\/p>\n<\/div><\/div><\/div><\/div><\/div><div class=\"vc_col-sm-3 wpb_column vc_column_container\"><div class=\"vc_column-inner\"><div class=\"wpb_wrapper\"><\/div><\/div><\/div><\/div><\/div><\/div><\/div><\/div><\/div><\/section><section class=\"l-section wpb_row height_medium\"><div class=\"l-section-h i-cf\"><div class=\"g-cols vc_row via_flex valign_top type_default stacking_default\"><div class=\"vc_col-sm-3 wpb_column vc_column_container\"><div class=\"vc_column-inner\"><div class=\"wpb_wrapper\"><\/div><\/div><\/div><div class=\"vc_col-sm-6 wpb_column vc_column_container\"><div class=\"vc_column-inner\"><div class=\"wpb_wrapper\"><\/div><\/div><\/div><div class=\"vc_col-sm-3 wpb_column vc_column_container\"><div class=\"vc_column-inner\"><div class=\"wpb_wrapper\"><\/div><\/div><\/div><\/div><\/div><\/section>\n","protected":false},"excerpt":{"rendered":"HEARTBEAT UGANDA Der Busia Distrikt in Uganda ist seit 1930 ein wichtiges Zentrum f\u00fcr den Goldabbau und die Goldproduktion. Der Goldabbau ist ma\u00dfgeblich vom Kleinbergbau gepr\u00e4gt und die ArbeiterInnen sch\u00fcrfen das Gold manuell. Rohgold ist, wie andere Mineralien auch, eine limitierte Ressource und die Best\u00e4nde schwinden durch den Abbau kontinuierlich.\u00a0 Die Bergleute leben von der...","protected":false},"author":1,"featured_media":0,"parent":0,"menu_order":0,"comment_status":"closed","ping_status":"closed","template":"","meta":{"_crdt_document":"","footnotes":""},"class_list":["post-1004","page","type-page","status-publish","hentry"],"yoast_head":"<!-- This site is optimized with the Yoast SEO plugin v27.2 - https:\/\/yoast.com\/product\/yoast-seo-wordpress\/ -->\n<title>Earthbeat Foundation \u2013 Our Heartbeat Projects<\/title>\n<meta name=\"description\" content=\"Our projects: Hearthbeat Uganda (permaculture and beekeeping training), Hearthbeat Honey (beekeeping) and Heathbeat Garden (permaculture)\" \/>\n<meta name=\"robots\" content=\"index, follow, max-snippet:-1, max-image-preview:large, max-video-preview:-1\" \/>\n<link rel=\"canonical\" href=\"https:\/\/earthbeatfoundation.org\/en\/our-projects\/\" \/>\n<meta property=\"og:locale\" content=\"en_US\" \/>\n<meta property=\"og:type\" content=\"article\" \/>\n<meta property=\"og:title\" content=\"Earthbeat Foundation \u2013 Our Heartbeat Projects\" \/>\n<meta property=\"og:description\" content=\"Our projects: Hearthbeat Uganda (permaculture and beekeeping training), Hearthbeat Honey (beekeeping) and Heathbeat Garden (permaculture)\" \/>\n<meta property=\"og:url\" content=\"https:\/\/earthbeatfoundation.org\/en\/our-projects\/\" \/>\n<meta property=\"og:site_name\" content=\"Earthbeat Foundation\" \/>\n<meta property=\"article:modified_time\" content=\"2022-09-12T09:52:05+00:00\" \/>\n<meta property=\"og:image\" content=\"https:\/\/earthbeatfoundation.org\/wp-content\/uploads\/2022\/09\/EBF_Logo_sw_Open_Graph_1200_630.jpg\" \/>\n\t<meta property=\"og:image:width\" content=\"1200\" \/>\n\t<meta property=\"og:image:height\" content=\"630\" \/>\n\t<meta property=\"og:image:type\" content=\"image\/jpeg\" \/>\n<meta name=\"twitter:card\" content=\"summary_large_image\" \/>\n<meta name=\"twitter:label1\" content=\"Est. reading time\" \/>\n\t<meta name=\"twitter:data1\" content=\"3 minutes\" \/>\n<script type=\"application\/ld+json\" class=\"yoast-schema-graph\">{\"@context\":\"https:\/\/schema.org\",\"@graph\":[{\"@type\":\"WebPage\",\"@id\":\"https:\/\/earthbeatfoundation.org\/en\/our-projects\/\",\"url\":\"https:\/\/earthbeatfoundation.org\/en\/our-projects\/\",\"name\":\"Earthbeat Foundation \u2013 Our Heartbeat Projects\",\"isPartOf\":{\"@id\":\"https:\/\/earthbeatfoundation.org\/#website\"},\"datePublished\":\"2020-02-06T15:40:56+00:00\",\"dateModified\":\"2022-09-12T09:52:05+00:00\",\"description\":\"Our projects: Hearthbeat Uganda (permaculture and beekeeping training), Hearthbeat Honey (beekeeping) and Heathbeat Garden (permaculture)\",\"breadcrumb\":{\"@id\":\"https:\/\/earthbeatfoundation.org\/en\/our-projects\/#breadcrumb\"},\"inLanguage\":\"en-US\",\"potentialAction\":[{\"@type\":\"ReadAction\",\"target\":[\"https:\/\/earthbeatfoundation.org\/en\/our-projects\/\"]}]},{\"@type\":\"BreadcrumbList\",\"@id\":\"https:\/\/earthbeatfoundation.org\/en\/our-projects\/#breadcrumb\",\"itemListElement\":[{\"@type\":\"ListItem\",\"position\":1,\"name\":\"Startseite\",\"item\":\"https:\/\/earthbeatfoundation.org\/en\/\"},{\"@type\":\"ListItem\",\"position\":2,\"name\":\"Our Projects\"}]},{\"@type\":\"WebSite\",\"@id\":\"https:\/\/earthbeatfoundation.org\/#website\",\"url\":\"https:\/\/earthbeatfoundation.org\/\",\"name\":\"Earthbeat Foundation\",\"description\":\"F\u00fcr eine goldene Zukunft\",\"publisher\":{\"@id\":\"https:\/\/earthbeatfoundation.org\/#organization\"},\"potentialAction\":[{\"@type\":\"SearchAction\",\"target\":{\"@type\":\"EntryPoint\",\"urlTemplate\":\"https:\/\/earthbeatfoundation.org\/?s={search_term_string}\"},\"query-input\":{\"@type\":\"PropertyValueSpecification\",\"valueRequired\":true,\"valueName\":\"search_term_string\"}}],\"inLanguage\":\"en-US\"},{\"@type\":\"Organization\",\"@id\":\"https:\/\/earthbeatfoundation.org\/#organization\",\"name\":\"Earthbeat Foundation\",\"url\":\"https:\/\/earthbeatfoundation.org\/\",\"logo\":{\"@type\":\"ImageObject\",\"inLanguage\":\"en-US\",\"@id\":\"https:\/\/earthbeatfoundation.org\/#\/schema\/logo\/image\/\",\"url\":\"https:\/\/earthbeatfoundation.org\/wp-content\/uploads\/2022\/09\/EBF_Logo_sw_Open_Graph_1200_630.jpg\",\"contentUrl\":\"https:\/\/earthbeatfoundation.org\/wp-content\/uploads\/2022\/09\/EBF_Logo_sw_Open_Graph_1200_630.jpg\",\"width\":1200,\"height\":630,\"caption\":\"Earthbeat Foundation\"},\"image\":{\"@id\":\"https:\/\/earthbeatfoundation.org\/#\/schema\/logo\/image\/\"},\"sameAs\":[\"https:\/\/www.instagram.com\/earthbeatfoundation\/?hl=de\"]}]}<\/script>\n<!-- \/ Yoast SEO plugin. -->","yoast_head_json":{"title":"Earthbeat Foundation \u2013 Our Heartbeat Projects","description":"Our projects: Hearthbeat Uganda (permaculture and beekeeping training), Hearthbeat Honey (beekeeping) and Heathbeat Garden (permaculture)","robots":{"index":"index","follow":"follow","max-snippet":"max-snippet:-1","max-image-preview":"max-image-preview:large","max-video-preview":"max-video-preview:-1"},"canonical":"https:\/\/earthbeatfoundation.org\/en\/our-projects\/","og_locale":"en_US","og_type":"article","og_title":"Earthbeat Foundation \u2013 Our Heartbeat Projects","og_description":"Our projects: Hearthbeat Uganda (permaculture and beekeeping training), Hearthbeat Honey (beekeeping) and Heathbeat Garden (permaculture)","og_url":"https:\/\/earthbeatfoundation.org\/en\/our-projects\/","og_site_name":"Earthbeat Foundation","article_modified_time":"2022-09-12T09:52:05+00:00","og_image":[{"width":1200,"height":630,"url":"https:\/\/earthbeatfoundation.org\/wp-content\/uploads\/2022\/09\/EBF_Logo_sw_Open_Graph_1200_630.jpg","type":"image\/jpeg"}],"twitter_card":"summary_large_image","twitter_misc":{"Est. reading time":"3 minutes"},"schema":{"@context":"https:\/\/schema.org","@graph":[{"@type":"WebPage","@id":"https:\/\/earthbeatfoundation.org\/en\/our-projects\/","url":"https:\/\/earthbeatfoundation.org\/en\/our-projects\/","name":"Earthbeat Foundation \u2013 Our Heartbeat Projects","isPartOf":{"@id":"https:\/\/earthbeatfoundation.org\/#website"},"datePublished":"2020-02-06T15:40:56+00:00","dateModified":"2022-09-12T09:52:05+00:00","description":"Our projects: Hearthbeat Uganda (permaculture and beekeeping training), Hearthbeat Honey (beekeeping) and Heathbeat Garden (permaculture)","breadcrumb":{"@id":"https:\/\/earthbeatfoundation.org\/en\/our-projects\/#breadcrumb"},"inLanguage":"en-US","potentialAction":[{"@type":"ReadAction","target":["https:\/\/earthbeatfoundation.org\/en\/our-projects\/"]}]},{"@type":"BreadcrumbList","@id":"https:\/\/earthbeatfoundation.org\/en\/our-projects\/#breadcrumb","itemListElement":[{"@type":"ListItem","position":1,"name":"Startseite","item":"https:\/\/earthbeatfoundation.org\/en\/"},{"@type":"ListItem","position":2,"name":"Our Projects"}]},{"@type":"WebSite","@id":"https:\/\/earthbeatfoundation.org\/#website","url":"https:\/\/earthbeatfoundation.org\/","name":"Earthbeat Foundation","description":"F\u00fcr eine goldene Zukunft","publisher":{"@id":"https:\/\/earthbeatfoundation.org\/#organization"},"potentialAction":[{"@type":"SearchAction","target":{"@type":"EntryPoint","urlTemplate":"https:\/\/earthbeatfoundation.org\/?s={search_term_string}"},"query-input":{"@type":"PropertyValueSpecification","valueRequired":true,"valueName":"search_term_string"}}],"inLanguage":"en-US"},{"@type":"Organization","@id":"https:\/\/earthbeatfoundation.org\/#organization","name":"Earthbeat Foundation","url":"https:\/\/earthbeatfoundation.org\/","logo":{"@type":"ImageObject","inLanguage":"en-US","@id":"https:\/\/earthbeatfoundation.org\/#\/schema\/logo\/image\/","url":"https:\/\/earthbeatfoundation.org\/wp-content\/uploads\/2022\/09\/EBF_Logo_sw_Open_Graph_1200_630.jpg","contentUrl":"https:\/\/earthbeatfoundation.org\/wp-content\/uploads\/2022\/09\/EBF_Logo_sw_Open_Graph_1200_630.jpg","width":1200,"height":630,"caption":"Earthbeat Foundation"},"image":{"@id":"https:\/\/earthbeatfoundation.org\/#\/schema\/logo\/image\/"},"sameAs":["https:\/\/www.instagram.com\/earthbeatfoundation\/?hl=de"]}]}},"_links":{"self":[{"href":"https:\/\/earthbeatfoundation.org\/en\/wp-json\/wp\/v2\/pages\/1004","targetHints":{"allow":["GET"]}}],"collection":[{"href":"https:\/\/earthbeatfoundation.org\/en\/wp-json\/wp\/v2\/pages"}],"about":[{"href":"https:\/\/earthbeatfoundation.org\/en\/wp-json\/wp\/v2\/types\/page"}],"author":[{"embeddable":true,"href":"https:\/\/earthbeatfoundation.org\/en\/wp-json\/wp\/v2\/users\/1"}],"replies":[{"embeddable":true,"href":"https:\/\/earthbeatfoundation.org\/en\/wp-json\/wp\/v2\/comments?post=1004"}],"version-history":[{"count":4,"href":"https:\/\/earthbeatfoundation.org\/en\/wp-json\/wp\/v2\/pages\/1004\/revisions"}],"predecessor-version":[{"id":1206,"href":"https:\/\/earthbeatfoundation.org\/en\/wp-json\/wp\/v2\/pages\/1004\/revisions\/1206"}],"wp:attachment":[{"href":"https:\/\/earthbeatfoundation.org\/en\/wp-json\/wp\/v2\/media?parent=1004"}],"curies":[{"name":"wp","href":"https:\/\/api.w.org\/{rel}","templated":true}]}}