{"id":1000,"date":"2020-02-06T16:21:21","date_gmt":"2020-02-06T15:21:21","guid":{"rendered":"https:\/\/earthbeatfoundation.org\/imprint\/"},"modified":"2022-09-15T10:28:12","modified_gmt":"2022-09-15T08:28:12","slug":"imprint","status":"publish","type":"page","link":"https:\/\/earthbeatfoundation.org\/en\/imprint\/","title":{"rendered":"Imprint"},"content":{"rendered":"<section class=\"l-section wpb_row height_medium\"><div class=\"l-section-h i-cf\"><div class=\"g-cols vc_row via_flex valign_top type_default stacking_default\"><div class=\"vc_col-sm-12 wpb_column vc_column_container\"><div class=\"vc_column-inner\"><div class=\"wpb_wrapper\"><div class=\"wpb_text_column\"><div class=\"wpb_wrapper\"><h6 style=\"text-align: center;\"><\/h6>\n<h1 style=\"text-align: center;\">Impressum<\/h1>\n<\/div><\/div><div class=\"w-separator size_medium\"><\/div><div class=\"wpb_text_column\"><div class=\"wpb_wrapper\"><p style=\"text-align: center;\"><strong>Information according to sec. 5 TMG<\/strong><\/p>\n<p style=\"text-align: center;\">Earthbeath Solutions Foundation<br \/>\nParadowski Treuhand<br \/>\nFreie Stra\u00dfe 119<br \/>\nCH-8032 Z\u00fcrich<\/p>\n<p style=\"text-align: center;\">Handelsregisteramt Z\u00fcrich: CHE-407.899.120<\/p>\n<p style=\"text-align: center;\">IBAN for Donations: CH39 0483 5237 5983 6100 0<\/p>\n<p style=\"text-align: center;\"><strong>Represented by the Executive Board:<br \/>\n<\/strong>Guya Merkle, Kate Merkle, Bernard Fierens<\/p>\n<p style=\"text-align: center;\"><strong>Contact<\/strong><br \/>\nE-Mail: <a href=\"mailto:connect@earthbeatfoundation.org\">connect@earthbeatfoundation.org<\/a><\/p>\n<p style=\"text-align: center;\"><strong>Responsible for the content in accordance with sec. 55 para. 2 RStV<\/strong><\/p>\n<p style=\"text-align: center;\">Earthbeath Solutions Foundation<br \/>\nGuya Merkle<br \/>\nParadowski Treuhand<br \/>\nFreie Stra\u00dfe 119<br \/>\nCH-8032 Z\u00fcrich<\/p>\n<p style=\"text-align: center;\">We are not willing or obliged to participate in dispute resolution proceedings before a consumer arbitration board.<\/p>\n<p style=\"text-align: center;\"><strong>Film \u00bb<\/strong><span class=\"_1fHNK\"><strong>Liquid Gold\u00ab:<\/strong> Videographer and Director Jim Elson <a class=\"\" title=\"http:\/\/www.jimelson.com\" href=\"http:\/\/www.jimelson.com\/\">www.jimelson.com<\/a><br \/>\n<strong>Design and implementation of the website:<\/strong> <a href=\"http:\/\/www.jungrad.de\">Jungrad.Design<\/a><br \/>\n<\/span><\/p>\n<\/div><\/div><\/div><\/div><\/div><\/div><\/div><\/section>\n","protected":false},"excerpt":{"rendered":"Impressum Information according to sec. 5 TMG Earthbeath Solutions Foundation Paradowski Treuhand Freie Stra\u00dfe 119 CH-8032 Z\u00fcrich Handelsregisteramt Z\u00fcrich: CHE-407.899.120 IBAN for Donations: CH39 0483 5237 5983 6100 0 Represented by the Executive Board: Guya Merkle, Kate Merkle, Bernard Fierens Contact E-Mail: connect@earthbeatfoundation.org Responsible for the content in accordance with sec. 55 para. 2 RStV...","protected":false},"author":1,"featured_media":0,"parent":0,"menu_order":0,"comment_status":"closed","ping_status":"closed","template":"","meta":{"_crdt_document":"","footnotes":""},"class_list":["post-1000","page","type-page","status-publish","hentry"],"yoast_head":"<!-- This site is optimized with the Yoast SEO plugin v27.2 - https:\/\/yoast.com\/product\/yoast-seo-wordpress\/ -->\n<title>Imprint - Earthbeat Foundation<\/title>\n<meta name=\"robots\" content=\"index, follow, max-snippet:-1, max-image-preview:large, max-video-preview:-1\" \/>\n<link rel=\"canonical\" href=\"https:\/\/earthbeatfoundation.org\/en\/imprint\/\" \/>\n<meta property=\"og:locale\" content=\"en_US\" \/>\n<meta property=\"og:type\" content=\"article\" \/>\n<meta property=\"og:title\" content=\"Imprint - Earthbeat Foundation\" \/>\n<meta property=\"og:url\" content=\"https:\/\/earthbeatfoundation.org\/en\/imprint\/\" \/>\n<meta property=\"og:site_name\" content=\"Earthbeat Foundation\" \/>\n<meta property=\"article:modified_time\" content=\"2022-09-15T08:28:12+00:00\" \/>\n<meta property=\"og:image\" content=\"https:\/\/earthbeatfoundation.org\/wp-content\/uploads\/2022\/09\/EBF_Logo_sw_Open_Graph_1200_630.jpg\" \/>\n\t<meta property=\"og:image:width\" content=\"1200\" \/>\n\t<meta property=\"og:image:height\" content=\"630\" \/>\n\t<meta property=\"og:image:type\" content=\"image\/jpeg\" \/>\n<meta name=\"twitter:card\" content=\"summary_large_image\" \/>\n<meta name=\"twitter:label1\" content=\"Est. reading time\" \/>\n\t<meta name=\"twitter:data1\" content=\"1 minute\" \/>\n<script type=\"application\/ld+json\" class=\"yoast-schema-graph\">{\"@context\":\"https:\/\/schema.org\",\"@graph\":[{\"@type\":\"WebPage\",\"@id\":\"https:\/\/earthbeatfoundation.org\/en\/imprint\/\",\"url\":\"https:\/\/earthbeatfoundation.org\/en\/imprint\/\",\"name\":\"Imprint - Earthbeat Foundation\",\"isPartOf\":{\"@id\":\"https:\/\/earthbeatfoundation.org\/#website\"},\"datePublished\":\"2020-02-06T15:21:21+00:00\",\"dateModified\":\"2022-09-15T08:28:12+00:00\",\"breadcrumb\":{\"@id\":\"https:\/\/earthbeatfoundation.org\/en\/imprint\/#breadcrumb\"},\"inLanguage\":\"en-US\",\"potentialAction\":[{\"@type\":\"ReadAction\",\"target\":[\"https:\/\/earthbeatfoundation.org\/en\/imprint\/\"]}]},{\"@type\":\"BreadcrumbList\",\"@id\":\"https:\/\/earthbeatfoundation.org\/en\/imprint\/#breadcrumb\",\"itemListElement\":[{\"@type\":\"ListItem\",\"position\":1,\"name\":\"Startseite\",\"item\":\"https:\/\/earthbeatfoundation.org\/en\/\"},{\"@type\":\"ListItem\",\"position\":2,\"name\":\"Imprint\"}]},{\"@type\":\"WebSite\",\"@id\":\"https:\/\/earthbeatfoundation.org\/#website\",\"url\":\"https:\/\/earthbeatfoundation.org\/\",\"name\":\"Earthbeat Foundation\",\"description\":\"F\u00fcr eine goldene Zukunft\",\"publisher\":{\"@id\":\"https:\/\/earthbeatfoundation.org\/#organization\"},\"potentialAction\":[{\"@type\":\"SearchAction\",\"target\":{\"@type\":\"EntryPoint\",\"urlTemplate\":\"https:\/\/earthbeatfoundation.org\/?s={search_term_string}\"},\"query-input\":{\"@type\":\"PropertyValueSpecification\",\"valueRequired\":true,\"valueName\":\"search_term_string\"}}],\"inLanguage\":\"en-US\"},{\"@type\":\"Organization\",\"@id\":\"https:\/\/earthbeatfoundation.org\/#organization\",\"name\":\"Earthbeat Foundation\",\"url\":\"https:\/\/earthbeatfoundation.org\/\",\"logo\":{\"@type\":\"ImageObject\",\"inLanguage\":\"en-US\",\"@id\":\"https:\/\/earthbeatfoundation.org\/#\/schema\/logo\/image\/\",\"url\":\"https:\/\/earthbeatfoundation.org\/wp-content\/uploads\/2022\/09\/EBF_Logo_sw_Open_Graph_1200_630.jpg\",\"contentUrl\":\"https:\/\/earthbeatfoundation.org\/wp-content\/uploads\/2022\/09\/EBF_Logo_sw_Open_Graph_1200_630.jpg\",\"width\":1200,\"height\":630,\"caption\":\"Earthbeat Foundation\"},\"image\":{\"@id\":\"https:\/\/earthbeatfoundation.org\/#\/schema\/logo\/image\/\"},\"sameAs\":[\"https:\/\/www.instagram.com\/earthbeatfoundation\/?hl=de\"]}]}<\/script>\n<!-- \/ Yoast SEO plugin. -->","yoast_head_json":{"title":"Imprint - Earthbeat Foundation","robots":{"index":"index","follow":"follow","max-snippet":"max-snippet:-1","max-image-preview":"max-image-preview:large","max-video-preview":"max-video-preview:-1"},"canonical":"https:\/\/earthbeatfoundation.org\/en\/imprint\/","og_locale":"en_US","og_type":"article","og_title":"Imprint - Earthbeat Foundation","og_url":"https:\/\/earthbeatfoundation.org\/en\/imprint\/","og_site_name":"Earthbeat Foundation","article_modified_time":"2022-09-15T08:28:12+00:00","og_image":[{"width":1200,"height":630,"url":"https:\/\/earthbeatfoundation.org\/wp-content\/uploads\/2022\/09\/EBF_Logo_sw_Open_Graph_1200_630.jpg","type":"image\/jpeg"}],"twitter_card":"summary_large_image","twitter_misc":{"Est. reading time":"1 minute"},"schema":{"@context":"https:\/\/schema.org","@graph":[{"@type":"WebPage","@id":"https:\/\/earthbeatfoundation.org\/en\/imprint\/","url":"https:\/\/earthbeatfoundation.org\/en\/imprint\/","name":"Imprint - Earthbeat Foundation","isPartOf":{"@id":"https:\/\/earthbeatfoundation.org\/#website"},"datePublished":"2020-02-06T15:21:21+00:00","dateModified":"2022-09-15T08:28:12+00:00","breadcrumb":{"@id":"https:\/\/earthbeatfoundation.org\/en\/imprint\/#breadcrumb"},"inLanguage":"en-US","potentialAction":[{"@type":"ReadAction","target":["https:\/\/earthbeatfoundation.org\/en\/imprint\/"]}]},{"@type":"BreadcrumbList","@id":"https:\/\/earthbeatfoundation.org\/en\/imprint\/#breadcrumb","itemListElement":[{"@type":"ListItem","position":1,"name":"Startseite","item":"https:\/\/earthbeatfoundation.org\/en\/"},{"@type":"ListItem","position":2,"name":"Imprint"}]},{"@type":"WebSite","@id":"https:\/\/earthbeatfoundation.org\/#website","url":"https:\/\/earthbeatfoundation.org\/","name":"Earthbeat Foundation","description":"F\u00fcr eine goldene Zukunft","publisher":{"@id":"https:\/\/earthbeatfoundation.org\/#organization"},"potentialAction":[{"@type":"SearchAction","target":{"@type":"EntryPoint","urlTemplate":"https:\/\/earthbeatfoundation.org\/?s={search_term_string}"},"query-input":{"@type":"PropertyValueSpecification","valueRequired":true,"valueName":"search_term_string"}}],"inLanguage":"en-US"},{"@type":"Organization","@id":"https:\/\/earthbeatfoundation.org\/#organization","name":"Earthbeat Foundation","url":"https:\/\/earthbeatfoundation.org\/","logo":{"@type":"ImageObject","inLanguage":"en-US","@id":"https:\/\/earthbeatfoundation.org\/#\/schema\/logo\/image\/","url":"https:\/\/earthbeatfoundation.org\/wp-content\/uploads\/2022\/09\/EBF_Logo_sw_Open_Graph_1200_630.jpg","contentUrl":"https:\/\/earthbeatfoundation.org\/wp-content\/uploads\/2022\/09\/EBF_Logo_sw_Open_Graph_1200_630.jpg","width":1200,"height":630,"caption":"Earthbeat Foundation"},"image":{"@id":"https:\/\/earthbeatfoundation.org\/#\/schema\/logo\/image\/"},"sameAs":["https:\/\/www.instagram.com\/earthbeatfoundation\/?hl=de"]}]}},"_links":{"self":[{"href":"https:\/\/earthbeatfoundation.org\/en\/wp-json\/wp\/v2\/pages\/1000","targetHints":{"allow":["GET"]}}],"collection":[{"href":"https:\/\/earthbeatfoundation.org\/en\/wp-json\/wp\/v2\/pages"}],"about":[{"href":"https:\/\/earthbeatfoundation.org\/en\/wp-json\/wp\/v2\/types\/page"}],"author":[{"embeddable":true,"href":"https:\/\/earthbeatfoundation.org\/en\/wp-json\/wp\/v2\/users\/1"}],"replies":[{"embeddable":true,"href":"https:\/\/earthbeatfoundation.org\/en\/wp-json\/wp\/v2\/comments?post=1000"}],"version-history":[{"count":7,"href":"https:\/\/earthbeatfoundation.org\/en\/wp-json\/wp\/v2\/pages\/1000\/revisions"}],"predecessor-version":[{"id":1222,"href":"https:\/\/earthbeatfoundation.org\/en\/wp-json\/wp\/v2\/pages\/1000\/revisions\/1222"}],"wp:attachment":[{"href":"https:\/\/earthbeatfoundation.org\/en\/wp-json\/wp\/v2\/media?parent=1000"}],"curies":[{"name":"wp","href":"https:\/\/api.w.org\/{rel}","templated":true}]}}